{"id":3401,"date":"2026-01-08T13:01:40","date_gmt":"2026-01-08T12:01:40","guid":{"rendered":"https:\/\/www.moulindesjarasses.com\/?page_id=3401"},"modified":"2026-03-16T11:35:10","modified_gmt":"2026-03-16T10:35:10","slug":"tarieven","status":"publish","type":"page","link":"https:\/\/www.moulindesjarasses.com\/fr\/tarieven\/","title":{"rendered":"Tarifs"},"content":{"rendered":"<div data-elementor-type=\"wp-page\" data-elementor-id=\"3401\" class=\"elementor elementor-3401\" data-elementor-post-type=\"page\">\n\t\t\t\t<div class=\"elementor-element elementor-element-a235dd2 e-flex e-con-boxed e-con e-parent\" data-id=\"a235dd2\" data-element_type=\"container\" data-e-type=\"container\">\n\t\t\t\t\t<div class=\"e-con-inner\">\n\t\t\t\t<div class=\"elementor-element elementor-element-b304c28 elementor-widget elementor-widget-heading\" data-id=\"b304c28\" data-element_type=\"widget\" data-e-type=\"widget\" data-widget_type=\"heading.default\">\n\t\t\t\t<div class=\"elementor-widget-container\">\n\t\t\t\t\t<h1 class=\"elementor-heading-title elementor-size-default\">Tarifs<\/h1>\t\t\t\t<\/div>\n\t\t\t\t<\/div>\n\t\t\t\t<div class=\"elementor-element elementor-element-b059075 elementor-widget elementor-widget-jet-listing-dynamic-repeater\" data-id=\"b059075\" data-element_type=\"widget\" data-e-type=\"widget\" id=\"tarieven\" data-widget_type=\"jet-listing-dynamic-repeater.default\">\n\t\t\t\t<div class=\"elementor-widget-container\">\n\t\t\t\t\t<div class=\"jet-listing jet-listing-dynamic-repeater\"><div class=\"jet-listing-dynamic-repeater__items\"><table>\n<tr>\n<th id=\"tarieven-col-1\">\nTarifs pour la saison 2026\n<br>\n(par semaine)\n<\/th>\n<th>\nVacances en mai*\n<br>\n25-04-2026\n<br>\nau\n<br>\n03-05-2026\n<\/th>\n<th>\nSemaines pour\n<br>\nles tout-petits\n<br>\n10-06-2026\n<br>\nau\n<br>\n03-07-2026\n<\/th>\n<th>\nVacances scolaires\n<br>\n(milieu)\n<br>\n04-07-2026\n<br>\nau\n<br>\n29-08-2026\n<\/th>\n<th>\nVacances scolaires\n<br>\n(Cong\u00e9s BTP)\n<br>\n18-07-2026\n<br>\nau\n<br>\n22-08-2026\n<\/th>\n<th>\nSemaines pour\n<br>\nles tout-petits\n<br>\n29-08-2026\n<br>\nau\n<br>\n13-09-2026\n<\/th>\n<th>\nFin de l\u2019\u00e9t\u00e9\n<br>\n30-08-2026\n<br>\nau\n<br>\n30-09-2026\n<\/th>\n<\/tr><tr class=\"jet-listing-dynamic-repeater__item\"><td>Eco lodge wellness<\/td>\n<td>\u20ac2075<\/td>\n<td>\u20ac1550<\/td>\n<td>\u20ac1895<\/td>\n<td>\u20ac2075<\/td>\n<td>\u20ac1550<\/td>\n<td>\u20ac1450<\/td><\/tr><tr class=\"jet-listing-dynamic-repeater__item\"><td>Eco lodge 5-6P<\/td>\n<td>\u20ac1995<\/td>\n<td>\u20ac1450<\/td>\n<td>\u20ac1795<\/td>\n<td>\u20ac1995<\/td>\n<td>\u20ac1450<\/td>\n<td>\u20ac1250<\/td><\/tr><tr class=\"jet-listing-dynamic-repeater__item\"><td>Chalet \u201cLa Fruiti\u00e8re\u201d 6-7P<\/td>\n<td>\u20ac1995<\/td>\n<td>\u20ac1450<\/td>\n<td>\u20ac1795<\/td>\n<td>\u20ac1995<\/td>\n<td>\u20ac1450<\/td>\n<td>\u20ac1250<\/td><\/tr><tr class=\"jet-listing-dynamic-repeater__item\"><td>Villa en bois 6-7 personnes<\/td>\n<td>\u20ac1995<\/td>\n<td>\u20ac1450<\/td>\n<td>\u20ac1795<\/td>\n<td>\u20ac1995<\/td>\n<td>\u20ac1450<\/td>\n<td>\u20ac1250<\/td><\/tr><tr class=\"jet-listing-dynamic-repeater__item\"><td>G\u00eete 5-6P<\/td>\n<td>\u20ac1895<\/td>\n<td>\u20ac1095<\/td>\n<td>\u20ac1650<\/td>\n<td>\u20ac1795<\/td>\n<td>\u20ac1095<\/td>\n<td>\u20ac<\/td><\/tr><tr class=\"jet-listing-dynamic-repeater__item\"><td>Safari D\u00e9Luxe (douche et toilettes) 6-7P<\/td>\n<td>\u20ac1795<\/td>\n<td>\u20ac1150<\/td>\n<td>\u20ac1650<\/td>\n<td>\u20ac1795<\/td>\n<td>\u20ac1150<\/td>\n<td>\u20ac<\/td><\/tr><tr class=\"jet-listing-dynamic-repeater__item\"><td>Safari Lodge (douche et toilettes) 6P<\/td>\n<td>\u20ac1725<\/td>\n<td>\u20ac1150<\/td>\n<td>\u20ac1600<\/td>\n<td>\u20ac1724.99<\/td>\n<td>\u20ac1150<\/td>\n<td>\u20ac<\/td><\/tr><tr class=\"jet-listing-dynamic-repeater__item\"><td>Safari de luxe PLUS XL (toilet et eau courante) 6-7P<\/td>\n<td>\u20ac<\/td>\n<td>\u20ac1050<\/td>\n<td>\u20ac1525<\/td>\n<td>\u20ac1645<\/td>\n<td>\u20ac1050<\/td>\n<td>\u20ac<\/td><\/tr><tr class=\"jet-listing-dynamic-repeater__item\"><td>Safari Premier Pr\u00e9 4-5P<\/td>\n<td>\u20ac<\/td>\n<td>\u20ac950<\/td>\n<td>\u20ac1150<\/td>\n<td>\u20ac1199<\/td>\n<td>\u20ac950<\/td>\n<td>\u20ac<\/td><\/tr><tr class=\"jet-listing-dynamic-repeater__item\"><td>Camping sur la base de 2P (caravane\/tente\/roulotte\/camping-car) Chaque personne suppl\u00e9mentaire \u20ac8,50 (quel que soit l'\u00e2ge)<\/td>\n<td>\u20ac<\/td>\n<td>\u20ac350<\/td>\n<td>\u20ac395<\/td>\n<td>\u20ac475<\/td>\n<td>\u20ac350<\/td>\n<td>\u20ac<\/td><\/tr><\/table><\/div><\/div>\t\t\t\t<\/div>\n\t\t\t\t<\/div>\n\t\t\t\t<div class=\"elementor-element elementor-element-bc62262 elementor-widget elementor-widget-html\" data-id=\"bc62262\" data-element_type=\"widget\" data-e-type=\"widget\" data-widget_type=\"html.default\">\n\t\t\t\t<div class=\"elementor-widget-container\">\n\t\t\t\t\t<script>\r\ndocument.addEventListener(\"DOMContentLoaded\", function () {\r\n\r\n  const el = document.querySelector(\"#tarieven\");\r\n  if (!el) return;\r\n\r\n  \/* -----------------------------\r\n     YOUR LANGUAGE FUNCTION\r\n  -----------------------------*\/\r\n  function detectLang() {\r\n    const p = (location.pathname || \"\").toLowerCase();\r\n    if (p.startsWith(\"\/fr\/\")) return \"fr\";\r\n    if (p.startsWith(\"\/en\/\")) return \"en\";\r\n    return \"nl\";\r\n  }\r\n\r\n  function tarievenHintText() {\r\n    const lang = detectLang();\r\n\r\n    if (lang === \"fr\") {\r\n      return \"Faites glisser vers la gauche\/droite pour voir tous les tarifs\";\r\n    }\r\n\r\n    if (lang === \"en\") {\r\n      return \"Swipe left\/right to view all rates\";\r\n    }\r\n\r\n    return \"Swipe naar links\/rechts om alle tarieven te bekijken\";\r\n  }\r\n\r\n  \/* -----------------------------\r\n     CREATE OVERLAY HINT\r\n  -----------------------------*\/\r\n  const hint = document.createElement(\"div\");\r\n  hint.className = \"tarieven-overlay-hint\";\r\n  hint.textContent = tarievenHintText();\r\n\r\n  el.style.position = \"relative\";\r\n  el.appendChild(hint);\r\n\r\n  \/* -----------------------------\r\n     SHOW ONLY IF SCROLL EXISTS\r\n  -----------------------------*\/\r\n  function checkScroll() {\r\n    if (el.scrollWidth > el.clientWidth) {\r\n      hint.classList.add(\"show\");\r\n    } else {\r\n      hint.classList.remove(\"show\");\r\n      hint.classList.remove(\"hide\");\r\n    }\r\n  }\r\n\r\n  checkScroll();\r\n  window.addEventListener(\"resize\", checkScroll);\r\n\r\n  \/* -----------------------------\r\n     FADE OUT ON FIRST SCROLL\r\n  -----------------------------*\/\r\n  let scrolled = false;\r\n\r\n  el.addEventListener(\"scroll\", () => {\r\n    if (!scrolled) {\r\n      scrolled = true;\r\n      hint.classList.add(\"hide\");\r\n    }\r\n  });\r\n\r\n});\r\n<\/script>\t\t\t\t<\/div>\n\t\t\t\t<\/div>\n\t\t\t\t\t<\/div>\n\t\t\t\t<\/div>\n\t\t<div class=\"elementor-element elementor-element-11d7e4e e-flex e-con-boxed e-con e-parent\" data-id=\"11d7e4e\" data-element_type=\"container\" data-e-type=\"container\">\n\t\t\t\t\t<div class=\"e-con-inner\">\n\t\t\t\t<div class=\"elementor-element elementor-element-3f41405 elementor-widget elementor-widget-text-editor\" data-id=\"3f41405\" data-element_type=\"widget\" data-e-type=\"widget\" data-widget_type=\"text-editor.default\">\n\t\t\t\t<div class=\"elementor-widget-container\">\n\t\t\t\t\t\t\t\t\t<p><strong>*<\/strong> Les dates du mois de mai sont toujours bas\u00e9es sur la formule Chill et Exp\u00e9rience. Boissons et snacks au restaurant non compris.<br \/>\u00a0Pour renseignements suppl\u00e9mentaires : voir <a href=\"https:\/\/www.moulindesjarasses.com\/fr\/experience\/\" target=\"_blank\" rel=\"noopener\">Chill &amp; experience.<\/a><\/p><p><strong>**<\/strong> Camping \u00e0 base de 2P (caravane (pliante) \/tente\/camping-car) Toute personne en plus :  \u20ac8.50 (quel que soit l\u2019\u00e2ge)<\/p><p>Les tarifs sont hors taxes touristiques (\u20ac0,55 p.p.p.n.) et frais de nettoyage (\u20ac65,-).<\/p><p><strong>Attention un s\u00e9jour en dehors des dates indiqu\u00e9es vous tente? <a href=\"https:\/\/www.moulindesjarasses.com\/fr\/contact\/\">Contactez-nous<\/a> pour discuter des options.<br \/><\/strong>Le g\u00eete, l\u2019EcoLodge, l\u2019EcoLodge Wellness, le Chalet Fruitiere et la villa en bois se louent aussi en dehors de la saison camping (concerne les p\u00e9riodes en dehors des semaines pour tout-petits et vacances scolaires : ne comprennent pas les facilit\u00e9s du camping telle la piscine chauff\u00e9e, le service pain frais et la table d\u2019h\u00f4te).<\/p>\t\t\t\t\t\t\t\t<\/div>\n\t\t\t\t<\/div>\n\t\t\t\t<div class=\"elementor-element elementor-element-f0cf00f elementor-widget elementor-widget-heading\" data-id=\"f0cf00f\" data-element_type=\"widget\" data-e-type=\"widget\" data-widget_type=\"heading.default\">\n\t\t\t\t<div class=\"elementor-widget-container\">\n\t\t\t\t\t<h3 class=\"elementor-heading-title elementor-size-default\">ACOMPTE<\/h3>\t\t\t\t<\/div>\n\t\t\t\t<\/div>\n\t\t\t\t<div class=\"elementor-element elementor-element-5ef66d9 elementor-widget elementor-widget-text-editor\" data-id=\"5ef66d9\" data-element_type=\"widget\" data-e-type=\"widget\" data-widget_type=\"text-editor.default\">\n\t\t\t\t<div class=\"elementor-widget-container\">\n\t\t\t\t\t\t\t\t\t<p>L\u2019acompte \u00e0 r\u00e9gler est de 50%. Une fois la somme vers\u00e9e sur notre compte, votre r\u00e9servation sera d\u00e9finitive. Vous recevrez confirmation d\u00e8s r\u00e9ception de l\u2019acompte. (Veuillez mentionner le num\u00e9ro de r\u00e9servation). Le restant sera redevable (50%) six semaines avant votre date d\u2019arriv\u00e9e. Le paiement exprime \u00e9galement votre accord concernant les conditions de location et les r\u00e8gles internes (qui vous seront adress\u00e9s en m\u00eame temps que la confirmation).<\/p>\t\t\t\t\t\t\t\t<\/div>\n\t\t\t\t<\/div>\n\t\t\t\t<div class=\"elementor-element elementor-element-dc74744 elementor-widget elementor-widget-heading\" data-id=\"dc74744\" data-element_type=\"widget\" data-e-type=\"widget\" data-widget_type=\"heading.default\">\n\t\t\t\t<div class=\"elementor-widget-container\">\n\t\t\t\t\t<h3 class=\"elementor-heading-title elementor-size-default\">INFORMATIONS G\u00c9N\u00c9RALES<\/h3>\t\t\t\t<\/div>\n\t\t\t\t<\/div>\n\t\t\t\t<div class=\"elementor-element elementor-element-751d064 elementor-widget elementor-widget-text-editor\" data-id=\"751d064\" data-element_type=\"widget\" data-e-type=\"widget\" data-widget_type=\"text-editor.default\">\n\t\t\t\t<div class=\"elementor-widget-container\">\n\t\t\t\t\t\t\t\t\t<ul><li>Les h\u00e9bergements comprennent : papier-toilette, sacs poubelles, produit de nettoyage, linge-cuisine, liquide-vaisselle, brosse-vaisselle, \u00e9ponge \u00e0 r\u00e9curer, nettoyant pour toilettes et savonnette mains.<\/li><li>Les animaux domestiques sont GRATUITS. Toutefois, nous demandons que votre chien soit toujours en laisse dans le camping et qu\u2019il couche dans sa \u2018caisse pour chien\u2019 \u00e0 la v\u00e9randa, et non dans l\u2019h\u00e9bergement. Si vous apportez vos affaires de camping personnelles, l\u2019animal couchera o\u00f9 vous voulez mais il doit toujours \u00eatre tenu en laisse.<\/li><li>Electricit\u00e9 place camping : 5 amp\u00e8res, \u20ac7,25 p\/nuit\u00e9e.<\/li><li>Personnes suppl\u00e9mentaires \u20ac9,25 p.p.p.n. (tout \u00e2ge).<\/li><li>Location linge (en option) : literie 1 personne \u20ac10, 2 pers. \u20ac17,50 (housse- couette, t\u00eate d\u2019oreiller, et housse matelas). Veuillez nous pr\u00e9venir au plus tard 2 semaines avant votre arriv\u00e9e.<\/li><\/ul>\t\t\t\t\t\t\t\t<\/div>\n\t\t\t\t<\/div>\n\t\t\t\t<div class=\"elementor-element elementor-element-007bfb7 elementor-widget elementor-widget-heading\" data-id=\"007bfb7\" data-element_type=\"widget\" data-e-type=\"widget\" data-widget_type=\"heading.default\">\n\t\t\t\t<div class=\"elementor-widget-container\">\n\t\t\t\t\t<h3 class=\"elementor-heading-title elementor-size-default\">COMPRIS AUX HEBERGEMENTS<\/h3>\t\t\t\t<\/div>\n\t\t\t\t<\/div>\n\t\t\t\t<div class=\"elementor-element elementor-element-8a577f6 elementor-widget elementor-widget-text-editor\" data-id=\"8a577f6\" data-element_type=\"widget\" data-e-type=\"widget\" data-widget_type=\"text-editor.default\">\n\t\t\t\t<div class=\"elementor-widget-container\">\n\t\t\t\t\t\t\t\t\t<ul><li><p>G\u00eete \u2018de Molenaarswoning, \u2019la Maison du Meunier\u2019, comprend eau, \u00e9lectricit\u00e9, chaise haute et lit enfant (avec protection et housse matelas et couverture en polaire). Housse-couette 2 pers.(220x240cm) et housse-couette 1 pers. (190x200cm) et oreillers. Nombre en fonction du nombre de personnes. Sur tous les lits : protecteurs matelas et oreillers.<\/p><\/li><li><p>Safari de Luxe PLUS XL \/ safari de Luxe et Safari Lodge : comprennent eau, \u00e9lectricit\u00e9, chaise haute et lit-enfant (avec protection et housse matelas et couverture en polaire). Housse-couette 2pers.(220x240cm) et housse-couette 1 pers. (190x200cm) et oreillers. Nombre en fonction du nombre de personnes. Sur tous les lits : protecteurs matelas et oreillers.<\/p><\/li><li><p>Safari Premier Pre : comprend \u00e9lectricit\u00e9, housse-couette 2pers.(220x240cm) et housse-couette 1 pers. (190x200cm) et oreillers. Nombre en fonction du nombre de personnes. Sur tous les lits: protecteurs matelas et oreillers.<\/p><\/li><li><p>Eco Lodge, Chalet Fruiti\u00e8re et villa en bois :  comprend eau, \u00e9lectricit\u00e9, chaise haute et lit-enfant (avec protection et housse matelas et couverture en polaire). Housse-couette 2 pers.(220x240cm) et housse-couette 1 pers. (190x200cm) et oreillers. Nombre en fonction du nombre de personnes. Sur tous les lits : protecteurs matelas et oreillers.<\/p><\/li><\/ul>\t\t\t\t\t\t\t\t<\/div>\n\t\t\t\t<\/div>\n\t\t\t\t<div class=\"elementor-element elementor-element-82c7abf elementor-widget elementor-widget-heading\" data-id=\"82c7abf\" data-element_type=\"widget\" data-e-type=\"widget\" data-widget_type=\"heading.default\">\n\t\t\t\t<div class=\"elementor-widget-container\">\n\t\t\t\t\t<h3 class=\"elementor-heading-title elementor-size-default\">ANNULER<\/h3>\t\t\t\t<\/div>\n\t\t\t\t<\/div>\n\t\t\t\t<div class=\"elementor-element elementor-element-99b889b elementor-widget elementor-widget-text-editor\" data-id=\"99b889b\" data-element_type=\"widget\" data-e-type=\"widget\" data-widget_type=\"text-editor.default\">\n\t\t\t\t<div class=\"elementor-widget-container\">\n\t\t\t\t\t\t\t\t\t<p>L\u2019annulation de la r\u00e9servation de l\u2019h\u00e9bergement ou de la place camping se fera par email (info@moulindesjarasses.com) et entra\u00eenera des frais.<\/p><p>Frais d\u2019annulation<\/p><ul><li>Annulation jusqu\u2019\u00e0 6 semaines avant date d\u2019arriv\u00e9e : 50% du montant total.<\/li><li>Annulation entre 6 semaines avant la date d\u2019arriv\u00e9e et la date d\u2019arriv\u00e9e : la totalit\u00e9 du montant sera due.<\/li><\/ul>\t\t\t\t\t\t\t\t<\/div>\n\t\t\t\t<\/div>\n\t\t\t\t\t<\/div>\n\t\t\t\t<\/div>\n\t\t\t\t<\/div>","protected":false},"excerpt":{"rendered":"<p>Tarieven Tarieven voor seizoen (per week) Meivakantie* t\/m Baby- en peuterweken t\/m Schoolvakantie (midden) t\/m Schoolvakantie (bouwvak) t\/m Baby- en peuterweken t\/m Nazomer t\/m Eco lodge wellness \u20ac2075 \u20ac1550 \u20ac1895 \u20ac2075 \u20ac1550 \u20ac1450 Eco lodge 5-6P \u20ac1995 \u20ac1450 \u20ac1795 \u20ac1995 \u20ac1450 \u20ac1250 Chalet \u201cLa Fruiti\u00e8re\u201d 6-7P \u20ac1995 \u20ac1450 \u20ac1795 \u20ac1995 \u20ac1450 \u20ac1250 Houten villa 6-7P [&hellip;]<\/p>\n","protected":false},"author":2,"featured_media":0,"parent":0,"menu_order":0,"comment_status":"closed","ping_status":"closed","template":"","meta":{"_jf_save_progress":"","footnotes":""},"class_list":["post-3401","page","type-page","status-publish","hentry"],"yoast_head":"<!-- This site is optimized with the Yoast SEO plugin v26.8 - https:\/\/yoast.com\/product\/yoast-seo-wordpress\/ -->\n<title>Tarieven &amp; Prijzen | Moulin des Jarasses<\/title>\n<meta name=\"description\" content=\"Meta Description: Transparante prijzen voor alle accommodaties en seizoenen. Bekijk onze tarieven en profiteer van laagseizoenkortingen bij Moulin des Jarasses.\" \/>\n<meta name=\"robots\" content=\"index, follow, max-snippet:-1, max-image-preview:large, max-video-preview:-1\" \/>\n<link rel=\"canonical\" href=\"https:\/\/www.moulindesjarasses.com\/fr\/tarieven\/\" \/>\n<meta property=\"og:locale\" content=\"fr_FR\" \/>\n<meta property=\"og:type\" content=\"article\" \/>\n<meta property=\"og:title\" content=\"Tarieven &amp; Prijzen | Moulin des Jarasses\" \/>\n<meta property=\"og:description\" content=\"Meta Description: Transparante prijzen voor alle accommodaties en seizoenen. Bekijk onze tarieven en profiteer van laagseizoenkortingen bij Moulin des Jarasses.\" \/>\n<meta property=\"og:url\" content=\"https:\/\/www.moulindesjarasses.com\/fr\/tarieven\/\" \/>\n<meta property=\"og:site_name\" content=\"Moulin des Jarasses\" \/>\n<meta property=\"article:modified_time\" content=\"2026-03-16T10:35:10+00:00\" \/>\n<meta name=\"twitter:card\" content=\"summary_large_image\" \/>\n<meta name=\"twitter:label1\" content=\"Dur\u00e9e de lecture estim\u00e9e\" \/>\n\t<meta name=\"twitter:data1\" content=\"4 minutes\" \/>\n<script type=\"application\/ld+json\" class=\"yoast-schema-graph\">{\"@context\":\"https:\/\/schema.org\",\"@graph\":[{\"@type\":\"WebPage\",\"@id\":\"https:\/\/www.moulindesjarasses.com\/tarieven\/\",\"url\":\"https:\/\/www.moulindesjarasses.com\/tarieven\/\",\"name\":\"Tarieven & Prijzen | Moulin des Jarasses\",\"isPartOf\":{\"@id\":\"https:\/\/www.moulindesjarasses.com\/#website\"},\"datePublished\":\"2026-01-08T12:01:40+00:00\",\"dateModified\":\"2026-03-16T10:35:10+00:00\",\"description\":\"Meta Description: Transparante prijzen voor alle accommodaties en seizoenen. Bekijk onze tarieven en profiteer van laagseizoenkortingen bij Moulin des Jarasses.\",\"breadcrumb\":{\"@id\":\"https:\/\/www.moulindesjarasses.com\/tarieven\/#breadcrumb\"},\"inLanguage\":\"fr-FR\",\"potentialAction\":[{\"@type\":\"ReadAction\",\"target\":[\"https:\/\/www.moulindesjarasses.com\/tarieven\/\"]}]},{\"@type\":\"BreadcrumbList\",\"@id\":\"https:\/\/www.moulindesjarasses.com\/tarieven\/#breadcrumb\",\"itemListElement\":[{\"@type\":\"ListItem\",\"position\":1,\"name\":\"Home\",\"item\":\"https:\/\/www.moulindesjarasses.com\/\"},{\"@type\":\"ListItem\",\"position\":2,\"name\":\"Tarieven\"}]},{\"@type\":\"WebSite\",\"@id\":\"https:\/\/www.moulindesjarasses.com\/#website\",\"url\":\"https:\/\/www.moulindesjarasses.com\/\",\"name\":\"Moulin des Jarasses\",\"description\":\"Genieten van natuur &amp; luxe\",\"publisher\":{\"@id\":\"https:\/\/www.moulindesjarasses.com\/#organization\"},\"potentialAction\":[{\"@type\":\"SearchAction\",\"target\":{\"@type\":\"EntryPoint\",\"urlTemplate\":\"https:\/\/www.moulindesjarasses.com\/?s={search_term_string}\"},\"query-input\":{\"@type\":\"PropertyValueSpecification\",\"valueRequired\":true,\"valueName\":\"search_term_string\"}}],\"inLanguage\":\"fr-FR\"},{\"@type\":\"Organization\",\"@id\":\"https:\/\/www.moulindesjarasses.com\/#organization\",\"name\":\"Moulin des Jarasses\",\"url\":\"https:\/\/www.moulindesjarasses.com\/\",\"logo\":{\"@type\":\"ImageObject\",\"inLanguage\":\"fr-FR\",\"@id\":\"https:\/\/www.moulindesjarasses.com\/#\/schema\/logo\/image\/\",\"url\":\"https:\/\/www.moulindesjarasses.com\/wp-content\/uploads\/logoSEO.png\",\"contentUrl\":\"https:\/\/www.moulindesjarasses.com\/wp-content\/uploads\/logoSEO.png\",\"width\":512,\"height\":280,\"caption\":\"Moulin des Jarasses\"},\"image\":{\"@id\":\"https:\/\/www.moulindesjarasses.com\/#\/schema\/logo\/image\/\"}}]}<\/script>\n<!-- \/ Yoast SEO plugin. -->","yoast_head_json":{"title":"Tarieven & Prijzen | Moulin des Jarasses","description":"Meta Description: Transparante prijzen voor alle accommodaties en seizoenen. Bekijk onze tarieven en profiteer van laagseizoenkortingen bij Moulin des Jarasses.","robots":{"index":"index","follow":"follow","max-snippet":"max-snippet:-1","max-image-preview":"max-image-preview:large","max-video-preview":"max-video-preview:-1"},"canonical":"https:\/\/www.moulindesjarasses.com\/fr\/tarieven\/","og_locale":"fr_FR","og_type":"article","og_title":"Tarieven & Prijzen | Moulin des Jarasses","og_description":"Meta Description: Transparante prijzen voor alle accommodaties en seizoenen. Bekijk onze tarieven en profiteer van laagseizoenkortingen bij Moulin des Jarasses.","og_url":"https:\/\/www.moulindesjarasses.com\/fr\/tarieven\/","og_site_name":"Moulin des Jarasses","article_modified_time":"2026-03-16T10:35:10+00:00","twitter_card":"summary_large_image","twitter_misc":{"Dur\u00e9e de lecture estim\u00e9e":"4 minutes"},"schema":{"@context":"https:\/\/schema.org","@graph":[{"@type":"WebPage","@id":"https:\/\/www.moulindesjarasses.com\/tarieven\/","url":"https:\/\/www.moulindesjarasses.com\/tarieven\/","name":"Tarieven & Prijzen | Moulin des Jarasses","isPartOf":{"@id":"https:\/\/www.moulindesjarasses.com\/#website"},"datePublished":"2026-01-08T12:01:40+00:00","dateModified":"2026-03-16T10:35:10+00:00","description":"Meta Description: Transparante prijzen voor alle accommodaties en seizoenen. Bekijk onze tarieven en profiteer van laagseizoenkortingen bij Moulin des Jarasses.","breadcrumb":{"@id":"https:\/\/www.moulindesjarasses.com\/tarieven\/#breadcrumb"},"inLanguage":"fr-FR","potentialAction":[{"@type":"ReadAction","target":["https:\/\/www.moulindesjarasses.com\/tarieven\/"]}]},{"@type":"BreadcrumbList","@id":"https:\/\/www.moulindesjarasses.com\/tarieven\/#breadcrumb","itemListElement":[{"@type":"ListItem","position":1,"name":"Home","item":"https:\/\/www.moulindesjarasses.com\/"},{"@type":"ListItem","position":2,"name":"Tarieven"}]},{"@type":"WebSite","@id":"https:\/\/www.moulindesjarasses.com\/#website","url":"https:\/\/www.moulindesjarasses.com\/","name":"DE MOULIN DES JARASSES","description":"LE PLAISIR DE LA NATURE ET DU LUXE","publisher":{"@id":"https:\/\/www.moulindesjarasses.com\/#organization"},"potentialAction":[{"@type":"SearchAction","target":{"@type":"EntryPoint","urlTemplate":"https:\/\/www.moulindesjarasses.com\/?s={search_term_string}"},"query-input":{"@type":"PropertyValueSpecification","valueRequired":true,"valueName":"search_term_string"}}],"inLanguage":"fr-FR"},{"@type":"Organization","@id":"https:\/\/www.moulindesjarasses.com\/#organization","name":"DE MOULIN DES JARASSES","url":"https:\/\/www.moulindesjarasses.com\/","logo":{"@type":"ImageObject","inLanguage":"fr-FR","@id":"https:\/\/www.moulindesjarasses.com\/#\/schema\/logo\/image\/","url":"https:\/\/www.moulindesjarasses.com\/wp-content\/uploads\/logoSEO.png","contentUrl":"https:\/\/www.moulindesjarasses.com\/wp-content\/uploads\/logoSEO.png","width":512,"height":280,"caption":"Moulin des Jarasses"},"image":{"@id":"https:\/\/www.moulindesjarasses.com\/#\/schema\/logo\/image\/"}}]}},"_links":{"self":[{"href":"https:\/\/www.moulindesjarasses.com\/fr\/wp-json\/wp\/v2\/pages\/3401","targetHints":{"allow":["GET"]}}],"collection":[{"href":"https:\/\/www.moulindesjarasses.com\/fr\/wp-json\/wp\/v2\/pages"}],"about":[{"href":"https:\/\/www.moulindesjarasses.com\/fr\/wp-json\/wp\/v2\/types\/page"}],"author":[{"embeddable":true,"href":"https:\/\/www.moulindesjarasses.com\/fr\/wp-json\/wp\/v2\/users\/2"}],"replies":[{"embeddable":true,"href":"https:\/\/www.moulindesjarasses.com\/fr\/wp-json\/wp\/v2\/comments?post=3401"}],"version-history":[{"count":313,"href":"https:\/\/www.moulindesjarasses.com\/fr\/wp-json\/wp\/v2\/pages\/3401\/revisions"}],"predecessor-version":[{"id":4656,"href":"https:\/\/www.moulindesjarasses.com\/fr\/wp-json\/wp\/v2\/pages\/3401\/revisions\/4656"}],"wp:attachment":[{"href":"https:\/\/www.moulindesjarasses.com\/fr\/wp-json\/wp\/v2\/media?parent=3401"}],"curies":[{"name":"wp","href":"https:\/\/api.w.org\/{rel}","templated":true}]}}